{"id":4521,"date":"2016-06-12T00:40:07","date_gmt":"2016-06-11T23:40:07","guid":{"rendered":"http:\/\/arquitecturia.org\/en\/?page_id=4521"},"modified":"2016-06-12T08:41:00","modified_gmt":"2016-06-12T07:41:00","slug":"contact","status":"publish","type":"page","link":"https:\/\/arquitecturia.org\/en\/contact\/","title":{"rendered":"Contact"},"content":{"rendered":"<div class=\"wpb-content-wrapper\"><p>[vc_row][vc_column][vc_column_text]<\/p>\n<p class=\"p1\"><span class=\"s1\">[\/vc_column_text][\/vc_column][\/vc_row][vc_row][vc_column reveal_effect=&#8221;fadeIn&#8221; reveal_duration=&#8221;0.1&#8243; reveal_delay=&#8221;0.1&#8243;][lab_google_map height=&#8221;500&#8243; zoom=&#8221;13&#8243; map_options=&#8221;fullwidth,map-style,drop-pins&#8221; map_controls=&#8221;plusMinusZoom&#8221; map_style=&#8221;#E-8_JTVCJTdCJTIyZmVhdHVyZVR5cGUlMjIlM0ElMjJhZG1pbmlzdHJhdGl2ZSUyMiUyQyUyMmVsZW1lbnRUeXBlJTIyJTNBJTIybGFiZWxzLnRleHQuZmlsbCUyMiUyQyUyMnN0eWxlcnMlMjIlM0ElNUIlN0IlMjJjb2xvciUyMiUzQSUyMiUyMzQ0NDQ0NCUyMiU3RCU1RCU3RCUyQyU3QiUyMmZlYXR1cmVUeXBlJTIyJTNBJTIybGFuZHNjYXBlJTIyJTJDJTIyZWxlbWVudFR5cGUlMjIlM0ElMjJhbGwlMjIlMkMlMjJzdHlsZXJzJTIyJTNBJTVCJTdCJTIyY29sb3IlMjIlM0ElMjIlMjNmMmYyZjIlMjIlN0QlNUQlN0QlMkMlN0IlMjJmZWF0dXJlVHlwZSUyMiUzQSUyMnBvaSUyMiUyQyUyMmVsZW1lbnRUeXBlJTIyJTNBJTIyYWxsJTIyJTJDJTIyc3R5bGVycyUyMiUzQSU1QiU3QiUyMnZpc2liaWxpdHklMjIlM0ElMjJvZmYlMjIlN0QlNUQlN0QlMkMlN0IlMjJmZWF0dXJlVHlwZSUyMiUzQSUyMnJvYWQlMjIlMkMlMjJlbGVtZW50VHlwZSUyMiUzQSUyMmFsbCUyMiUyQyUyMnN0eWxlcnMlMjIlM0ElNUIlN0IlMjJzYXR1cmF0aW9uJTIyJTNBLTEwMCU3RCUyQyU3QiUyMmxpZ2h0bmVzcyUyMiUzQTQ1JTdEJTVEJTdEJTJDJTdCJTIyZmVhdHVyZVR5cGUlMjIlM0ElMjJyb2FkLmhpZ2h3YXklMjIlMkMlMjJlbGVtZW50VHlwZSUyMiUzQSUyMmFsbCUyMiUyQyUyMnN0eWxlcnMlMjIlM0ElNUIlN0IlMjJ2aXNpYmlsaXR5JTIyJTNBJTIyc2ltcGxpZmllZCUyMiU3RCU1RCU3RCUyQyU3QiUyMmZlYXR1cmVUeXBlJTIyJTNBJTIycm9hZC5hcnRlcmlhbCUyMiUyQyUyMmVsZW1lbnRUeXBlJTIyJTNBJTIybGFiZWxzLmljb24lMjIlMkMlMjJzdHlsZXJzJTIyJTNBJTVCJTdCJTIydmlzaWJpbGl0eSUyMiUzQSUyMm9mZiUyMiU3RCU1RCU3RCUyQyU3QiUyMmZlYXR1cmVUeXBlJTIyJTNBJTIydHJhbnNpdCUyMiUyQyUyMmVsZW1lbnRUeXBlJTIyJTNBJTIyYWxsJTIyJTJDJTIyc3R5bGVycyUyMiUzQSU1QiU3QiUyMnZpc2liaWxpdHklMjIlM0ElMjJvZmYlMjIlN0QlNUQlN0QlMkMlN0IlMjJmZWF0dXJlVHlwZSUyMiUzQSUyMndhdGVyJTIyJTJDJTIyZWxlbWVudFR5cGUlMjIlM0ElMjJhbGwlMjIlMkMlMjJzdHlsZXJzJTIyJTNBJTVCJTdCJTIyY29sb3IlMjIlM0ElMjIlMjMyN0IwOUUlMjIlN0QlMkMlN0IlMjJ2aXNpYmlsaXR5JTIyJTNBJTIyb24lMjIlN0QlNUQlN0QlNUQ=&#8221; css=&#8221;.vc_custom_1427896498291{margin-bottom: 40px !important;}&#8221;][lab_google_map_location latitude=&#8221;39.467117&#8243; longitude=&#8221;-0.371969&#8243; marker_title=&#8221;Asociaci\u00f3n Arquitect\u00faria&#8221; marker_description=&#8221;Arquitectura, desde la ciudad del T\u00faria&#8221;][\/lab_google_map][\/vc_column][\/vc_row][vc_row][vc_column reveal_effect=&#8221;fadeIn&#8221; width=&#8221;1\/3&#8243; reveal_duration=&#8221;1&#8243; reveal_delay=&#8221;0.3&#8243;][vc_column_text]&nbsp;<\/p>\n<p class=\"p2\"><span class=\"s1\"><b>Contact<\/b><\/span><\/p>\n<p class=\"p1\"><span class=\"s1\">You can send\u00a0us a message filling this form,<\/span><\/p>\n<p class=\"p1\"><span class=\"s1\">or just mail us with\u00a0footpage address<\/span><\/p>\n<p class=\"p1\">[\/vc_column_text][vc_column_text]<\/span><\/p>\n<p class=\"p1\"><span class=\"s1\">\u00a0[\/vc_column_text][\/vc_column][vc_column reveal_effect=&#8221;fadeIn&#8221; width=&#8221;2\/3&#8243; reveal_duration=&#8221;1&#8243; reveal_delay=&#8221;0.5&#8243;][lab_contact_form name_title=&#8221;Name&#8221; email_title=&#8221;Email address&#8221; message_title=&#8221;Message&#8221; show_subject_field=&#8221;&#8221; submit_title=&#8221;Send&#8221; submit_success=&#8221;T H A N K S #, mail sended!&#8221; alert_errors=&#8221;&#8221; email_receiver=&#8221;equipo@arquitecturia.org&#8221;][\/vc_column][\/vc_row][vc_row][vc_column][vc_column_text]<\/span><\/p>\n<p>[\/vc_column_text][\/vc_column][\/vc_row]<\/p>\n<\/div>","protected":false},"excerpt":{"rendered":"<p>[vc_row][vc_column][vc_column_text] [\/vc_column_text][\/vc_column][\/vc_row][vc_row][vc_column reveal_effect=&#8221;fadeIn&#8221; reveal_duration=&#8221;0.1&#8243; reveal_delay=&#8221;0.1&#8243;][lab_google_map height=&#8221;500&#8243; zoom=&#8221;13&#8243; map_options=&#8221;fullwidth,map-style,drop-pins&#8221; map_controls=&#8221;plusMinusZoom&#8221; map_style=&#8221;#E-8_JTVCJTdCJTIyZmVhdHVyZVR5cGUlMjIlM0ElMjJhZG1pbmlzdHJhdGl2ZSUyMiUyQyUyMmVsZW1lbnRUeXBlJTIyJTNBJTIybGFiZWxzLnRleHQuZmlsbCUyMiUyQyUyMnN0eWxlcnMlMjIlM0ElNUIlN0IlMjJjb2xvciUyMiUzQSUyMiUyMzQ0NDQ0NCUyMiU3RCU1RCU3RCUyQyU3QiUyMmZlYXR1cmVUeXBlJTIyJTNBJTIybGFuZHNjYXBlJTIyJTJDJTIyZWxlbWVudFR5cGUlMjIlM0ElMjJhbGwlMjIlMkMlMjJzdHlsZXJzJTIyJTNBJTVCJTdCJTIyY29sb3IlMjIlM0ElMjIlMjNmMmYyZjIlMjIlN0QlNUQlN0QlMkMlN0IlMjJmZWF0dXJlVHlwZSUyMiUzQSUyMnBvaSUyMiUyQyUyMmVsZW1lbnRUeXBlJTIyJTNBJTIyYWxsJTIyJTJDJTIyc3R5bGVycyUyMiUzQSU1QiU3QiUyMnZpc2liaWxpdHklMjIlM0ElMjJvZmYlMjIlN0QlNUQlN0QlMkMlN0IlMjJmZWF0dXJlVHlwZSUyMiUzQSUyMnJvYWQlMjIlMkMlMjJlbGVtZW50VHlwZSUyMiUzQSUyMmFsbCUyMiUyQyUyMnN0eWxlcnMlMjIlM0ElNUIlN0IlMjJzYXR1cmF0aW9uJTIyJTNBLTEwMCU3RCUyQyU3QiUyMmxpZ2h0bmVzcyUyMiUzQTQ1JTdEJTVEJTdEJTJDJTdCJTIyZmVhdHVyZVR5cGUlMjIlM0ElMjJyb2FkLmhpZ2h3YXklMjIlMkMlMjJlbGVtZW50VHlwZSUyMiUzQSUyMmFsbCUyMiUyQyUyMnN0eWxlcnMlMjIlM0ElNUIlN0IlMjJ2aXNpYmlsaXR5JTIyJTNBJTIyc2ltcGxpZmllZCUyMiU3RCU1RCU3RCUyQyU3QiUyMmZlYXR1cmVUeXBlJTIyJTNBJTIycm9hZC5hcnRlcmlhbCUyMiUyQyUyMmVsZW1lbnRUeXBlJTIyJTNBJTIybGFiZWxzLmljb24lMjIlMkMlMjJzdHlsZXJzJTIyJTNBJTVCJTdCJTIydmlzaWJpbGl0eSUyMiUzQSUyMm9mZiUyMiU3RCU1RCU3RCUyQyU3QiUyMmZlYXR1cmVUeXBlJTIyJTNBJTIydHJhbnNpdCUyMiUyQyUyMmVsZW1lbnRUeXBlJTIyJTNBJTIyYWxsJTIyJTJDJTIyc3R5bGVycyUyMiUzQSU1QiU3QiUyMnZpc2liaWxpdHklMjIlM0ElMjJvZmYlMjIlN0QlNUQlN0QlMkMlN0IlMjJmZWF0dXJlVHlwZSUyMiUzQSUyMndhdGVyJTIyJTJDJTIyZWxlbWVudFR5cGUlMjIlM0ElMjJhbGwlMjIlMkMlMjJzdHlsZXJzJTIyJTNBJTVCJTdCJTIyY29sb3IlMjIlM0ElMjIlMjMyN0IwOUUlMjIlN0QlMkMlN0IlMjJ2aXNpYmlsaXR5JTIyJTNBJTIyb24lMjIlN0QlNUQlN0QlNUQ=&#8221; css=&#8221;.vc_custom_1427896498291{margin-bottom: 40px !important;}&#8221;][lab_google_map_location latitude=&#8221;39.467117&#8243; longitude=&#8221;-0.371969&#8243; marker_title=&#8221;Asociaci\u00f3n Arquitect\u00faria&#8221; marker_description=&#8221;Arquitectura, desde la ciudad del T\u00faria&#8221;][\/lab_google_map][\/vc_column][\/vc_row][vc_row][vc_column reveal_effect=&#8221;fadeIn&#8221; width=&#8221;1\/3&#8243; reveal_duration=&#8221;1&#8243; reveal_delay=&#8221;0.3&#8243;][vc_column_text]&nbsp; Contact You can send\u00a0us a message filling this form, or just mail us with\u00a0footpage address [\/vc_column_text][vc_column_text] \u00a0[\/vc_column_text][\/vc_column][vc_column reveal_effect=&#8221;fadeIn&#8221; width=&#8221;2\/3&#8243; reveal_duration=&#8221;1&#8243; reveal_delay=&#8221;0.5&#8243;][lab_contact_form name_title=&#8221;Name&#8221; email_title=&#8221;Email address&#8221; message_title=&#8221;Message&#8221; show_subject_field=&#8221;&#8221; submit_title=&#8221;Send&#8221; submit_success=&#8221;T&hellip;<\/p>\n","protected":false},"author":1,"featured_media":0,"parent":0,"menu_order":0,"comment_status":"closed","ping_status":"closed","template":"","meta":{"_acf_changed":false,"footnotes":""},"class_list":["post-4521","page","type-page","status-publish","hentry"],"acf":[],"_links":{"self":[{"href":"https:\/\/arquitecturia.org\/en\/wp-json\/wp\/v2\/pages\/4521","targetHints":{"allow":["GET"]}}],"collection":[{"href":"https:\/\/arquitecturia.org\/en\/wp-json\/wp\/v2\/pages"}],"about":[{"href":"https:\/\/arquitecturia.org\/en\/wp-json\/wp\/v2\/types\/page"}],"author":[{"embeddable":true,"href":"https:\/\/arquitecturia.org\/en\/wp-json\/wp\/v2\/users\/1"}],"replies":[{"embeddable":true,"href":"https:\/\/arquitecturia.org\/en\/wp-json\/wp\/v2\/comments?post=4521"}],"version-history":[{"count":0,"href":"https:\/\/arquitecturia.org\/en\/wp-json\/wp\/v2\/pages\/4521\/revisions"}],"wp:attachment":[{"href":"https:\/\/arquitecturia.org\/en\/wp-json\/wp\/v2\/media?parent=4521"}],"curies":[{"name":"wp","href":"https:\/\/api.w.org\/{rel}","templated":true}]}}